{"id":59,"date":"2014-11-09T19:47:58","date_gmt":"2014-11-09T19:47:58","guid":{"rendered":"http:\/\/lidiaribera.com\/?page_id=59"},"modified":"2014-12-19T19:28:56","modified_gmt":"2014-12-19T19:28:56","slug":"sobre-mi","status":"publish","type":"page","link":"https:\/\/lidiaribera.com\/?page_id=59","title":{"rendered":"Sobre m\u00ed"},"content":{"rendered":"<p><a href=\"https:\/\/lidiaribera.com\/wp-content\/uploads\/2014\/09\/19982014-pila-de-libros-abiertos-sobre-la-mesa.jpg\"><img loading=\"lazy\" decoding=\"async\" class=\"alignnone  wp-image-21\" src=\"https:\/\/lidiaribera.com\/wp-content\/uploads\/2014\/09\/19982014-pila-de-libros-abiertos-sobre-la-mesa.jpg\" alt=\"19982014-pila-de-libros-abiertos-sobre-la-mesa\" width=\"6\" height=\"6\" srcset=\"https:\/\/lidiaribera.com\/wp-content\/uploads\/2014\/09\/19982014-pila-de-libros-abiertos-sobre-la-mesa.jpg 168w, https:\/\/lidiaribera.com\/wp-content\/uploads\/2014\/09\/19982014-pila-de-libros-abiertos-sobre-la-mesa-150x150.jpg 150w\" sizes=\"auto, (max-width: 6px) 100vw, 6px\" \/><\/a><\/p>\n<p>&nbsp;<\/p>\n<p><a href=\"https:\/\/lidiaribera.com\/wp-content\/uploads\/2014\/11\/522112_395956413906257_4486787897449631708_n.jpg\"><img loading=\"lazy\" decoding=\"async\" class=\"alignnone size-full wp-image-80\" src=\"https:\/\/lidiaribera.com\/wp-content\/uploads\/2014\/11\/522112_395956413906257_4486787897449631708_n.jpg\" alt=\"522112_395956413906257_4486787897449631708_n\" width=\"960\" height=\"720\" srcset=\"https:\/\/lidiaribera.com\/wp-content\/uploads\/2014\/11\/522112_395956413906257_4486787897449631708_n.jpg 960w, https:\/\/lidiaribera.com\/wp-content\/uploads\/2014\/11\/522112_395956413906257_4486787897449631708_n-300x225.jpg 300w\" sizes=\"auto, (max-width: 960px) 100vw, 960px\" \/><\/a><\/p>\n<p>Hola, mi nombre es Lidia Ribera Mu\u00f1oz. Nacida en Valencia, de padres Valencianos el, 27 de Marzo de 1975.<\/p>\n<p>Desde mi ni\u00f1ez me ha gustado siempre todo lo referente a la creatividad. En el colegio, Tom\u00e1s de Villarroya, era qui\u00e9n sal\u00eda en todas las actuaciones, festejos y dem\u00e1s requerimientos. No fallaba. Mi afici\u00f3n por la escritura vino a ra\u00edz del nacimiento de mi hijo Alessandro. Sent\u00ed que los dibujos, la cocina y la m\u00fasica se me quedaban un poco peque\u00f1os para el desarrollo que necesitaba mi creatividad. Mi ni\u00f1o ten\u00eda unos seis meses.<\/p>\n<p>Hac\u00eda tiempo que ten\u00eda unas espantosas pesadillas que no me dejaban descansar, ya desde el embarazo las padec\u00eda. Eran relatos tan fuertes y reales que los pod\u00eda contar una y otra vez con pelos y se\u00f1ales. Mi pareja se mor\u00eda del miedo cada vez que le contaba una pesadilla de las m\u00edas.<\/p>\n<p>Pero todos los d\u00edas se despertaba y me preguntaba \u00bfhas so\u00f1ado algo m\u00e1s? Eso me parec\u00eda gracioso. Le daban miedo pero quer\u00eda saber m\u00e1s. Un d\u00eda, me dijo, \u00bfpor qu\u00e9 no lo escribes? \u00bfqu\u00e9? le pregunt\u00e9 extra\u00f1ada. S\u00ed, son tan buenos tus sue\u00f1os que me encantar\u00eda verlos en una pel\u00edcula. Escribe lo que sue\u00f1es. Ser\u00eda bueno verlo en un libro. Y as\u00ed lo hice, como por necesidad terap\u00e9utica, comenc\u00e9 a escribir. Dej\u00e9 de so\u00f1ar. Y me gust\u00f3. Me inform\u00e9, hice un curso de escritura en la asociaci\u00f3n escritores noveles y me ayudaron a encauzar mi nueva faceta.<\/p>\n<p>Escrib\u00ed hasta que lleg\u00f3 la hora de, redactar mi obra. Mi otro hijo como as\u00ed le llamo y lo siento. EL OTRO LADO. As\u00ed le puse porque, uno puede saber d\u00f3nde pisa pero, qui\u00e9n sabe qu\u00e9 hay detr\u00e1s de tu pisada. En este libro me he dejado llevar por la l\u00ednea que uno puede ver y estar tranquilo y, por la que uno intuye sin atreverse a cruzar. La mente, la gran desconocida. \u00bfHasta d\u00f3nde puede llegar su poder? \u00bfEstar\u00eda el hombre preparado para afrontar que la mente no tenga l\u00edmites? \u00bfQu\u00e9 es m\u00e1s real, tu realidad o la m\u00eda? Decid\u00ed escribir y, ahora, no tengo la intenci\u00f3n de dejarlo.<\/p>\n<p>Espero que los que me adquieran puedan llegar a sensibilizar con mi manera de plasmar las cosas y pueda seguir contando con ellos para los siguientes libros. Espero que, a los que no les guste, puedan darme una segunda oportunidad. Para todos escribo. Y a todos os agradezco la oportunidad que me dais de comenzar aqu\u00ed. Un abrazo y, espero veros pronto. Gracias.<\/p>\n<p>&nbsp;<\/p>\n","protected":false},"excerpt":{"rendered":"<p><a href=\"https:\/\/lidiaribera.com\/wp-content\/uploads\/2014\/09\/19982014-pila-de-libros-abiertos-sobre-la-mesa.jpg\"><\/a><br \/>\n&nbsp;<br \/>\n<a href=\"https:\/\/lidiaribera.com\/wp-content\/uploads\/2014\/11\/522112_395956413906257_4486787897449631708_n.jpg\"><\/a><br \/>\nHola, mi nombre es Lidia Ribera Mu\u00f1oz. Nacida en Valencia, de padres Valencianos el, 27 de Marzo de 1975.<br \/>\nDesde mi ni\u00f1ez me ha gustado siempre todo lo referente a la creatividad. En el colegio, Tom\u00e1s de Villarroya, era qui\u00e9n sal\u00eda en todas las actuaciones, festejos y dem\u00e1s requerimientos. &#8230;<\/a><\/p>\n<p><a href=\"https:\/\/lidiaribera.com\/?page_id=59\"> Continuar leyendo<\/a><\/p>\n","protected":false},"author":1,"featured_media":0,"parent":0,"menu_order":0,"comment_status":"open","ping_status":"open","template":"","meta":{"footnotes":""},"class_list":["post-59","page","type-page","status-publish","hentry"],"yoast_head":"<!-- This site is optimized with the Yoast SEO plugin v27.3 - https:\/\/yoast.com\/product\/yoast-seo-wordpress\/ -->\n<title>Sobre m\u00ed - Leyendo con Lidia<\/title>\n<meta name=\"robots\" content=\"index, follow, max-snippet:-1, max-image-preview:large, max-video-preview:-1\" \/>\n<link rel=\"canonical\" href=\"https:\/\/lidiaribera.com\/?page_id=59\" \/>\n<meta property=\"og:locale\" content=\"es_ES\" \/>\n<meta property=\"og:type\" content=\"article\" \/>\n<meta property=\"og:title\" content=\"Sobre m\u00ed - Leyendo con Lidia\" \/>\n<meta property=\"og:description\" content=\"&nbsp; Hola, mi nombre es Lidia Ribera Mu\u00f1oz. Nacida en Valencia, de padres Valencianos el, 27 de Marzo de 1975. Desde mi ni\u00f1ez me ha gustado siempre todo lo referente a la creatividad. En el colegio, Tom\u00e1s de Villarroya, era qui\u00e9n sal\u00eda en todas las actuaciones, festejos y dem\u00e1s requerimientos. ... Continuar leyendo\" \/>\n<meta property=\"og:url\" content=\"https:\/\/lidiaribera.com\/?page_id=59\" \/>\n<meta property=\"og:site_name\" content=\"Leyendo con Lidia\" \/>\n<meta property=\"article:modified_time\" content=\"2014-12-19T19:28:56+00:00\" \/>\n<meta property=\"og:image\" content=\"http:\/\/lidiaribera.com\/wp-content\/uploads\/2014\/09\/19982014-pila-de-libros-abiertos-sobre-la-mesa.jpg\" \/>\n<meta name=\"twitter:label1\" content=\"Tiempo de lectura\" \/>\n\t<meta name=\"twitter:data1\" content=\"2 minutos\" \/>\n<script type=\"application\/ld+json\" class=\"yoast-schema-graph\">{\"@context\":\"https:\\\/\\\/schema.org\",\"@graph\":[{\"@type\":\"WebPage\",\"@id\":\"https:\\\/\\\/lidiaribera.com\\\/?page_id=59\",\"url\":\"https:\\\/\\\/lidiaribera.com\\\/?page_id=59\",\"name\":\"Sobre m\u00ed - Leyendo con Lidia\",\"isPartOf\":{\"@id\":\"https:\\\/\\\/lidiaribera.com\\\/#website\"},\"primaryImageOfPage\":{\"@id\":\"https:\\\/\\\/lidiaribera.com\\\/?page_id=59#primaryimage\"},\"image\":{\"@id\":\"https:\\\/\\\/lidiaribera.com\\\/?page_id=59#primaryimage\"},\"thumbnailUrl\":\"http:\\\/\\\/lidiaribera.com\\\/wp-content\\\/uploads\\\/2014\\\/09\\\/19982014-pila-de-libros-abiertos-sobre-la-mesa.jpg\",\"datePublished\":\"2014-11-09T19:47:58+00:00\",\"dateModified\":\"2014-12-19T19:28:56+00:00\",\"breadcrumb\":{\"@id\":\"https:\\\/\\\/lidiaribera.com\\\/?page_id=59#breadcrumb\"},\"inLanguage\":\"es\",\"potentialAction\":[{\"@type\":\"ReadAction\",\"target\":[\"https:\\\/\\\/lidiaribera.com\\\/?page_id=59\"]}]},{\"@type\":\"ImageObject\",\"inLanguage\":\"es\",\"@id\":\"https:\\\/\\\/lidiaribera.com\\\/?page_id=59#primaryimage\",\"url\":\"http:\\\/\\\/lidiaribera.com\\\/wp-content\\\/uploads\\\/2014\\\/09\\\/19982014-pila-de-libros-abiertos-sobre-la-mesa.jpg\",\"contentUrl\":\"http:\\\/\\\/lidiaribera.com\\\/wp-content\\\/uploads\\\/2014\\\/09\\\/19982014-pila-de-libros-abiertos-sobre-la-mesa.jpg\"},{\"@type\":\"BreadcrumbList\",\"@id\":\"https:\\\/\\\/lidiaribera.com\\\/?page_id=59#breadcrumb\",\"itemListElement\":[{\"@type\":\"ListItem\",\"position\":1,\"name\":\"Portada\",\"item\":\"https:\\\/\\\/lidiaribera.com\\\/\"},{\"@type\":\"ListItem\",\"position\":2,\"name\":\"Sobre m\u00ed\"}]},{\"@type\":\"WebSite\",\"@id\":\"https:\\\/\\\/lidiaribera.com\\\/#website\",\"url\":\"https:\\\/\\\/lidiaribera.com\\\/\",\"name\":\"Leyendo con Lidia\",\"description\":\"\",\"potentialAction\":[{\"@type\":\"SearchAction\",\"target\":{\"@type\":\"EntryPoint\",\"urlTemplate\":\"https:\\\/\\\/lidiaribera.com\\\/?s={search_term_string}\"},\"query-input\":{\"@type\":\"PropertyValueSpecification\",\"valueRequired\":true,\"valueName\":\"search_term_string\"}}],\"inLanguage\":\"es\"}]}<\/script>\n<!-- \/ Yoast SEO plugin. -->","yoast_head_json":{"title":"Sobre m\u00ed - Leyendo con Lidia","robots":{"index":"index","follow":"follow","max-snippet":"max-snippet:-1","max-image-preview":"max-image-preview:large","max-video-preview":"max-video-preview:-1"},"canonical":"https:\/\/lidiaribera.com\/?page_id=59","og_locale":"es_ES","og_type":"article","og_title":"Sobre m\u00ed - Leyendo con Lidia","og_description":"&nbsp; Hola, mi nombre es Lidia Ribera Mu\u00f1oz. Nacida en Valencia, de padres Valencianos el, 27 de Marzo de 1975. Desde mi ni\u00f1ez me ha gustado siempre todo lo referente a la creatividad. En el colegio, Tom\u00e1s de Villarroya, era qui\u00e9n sal\u00eda en todas las actuaciones, festejos y dem\u00e1s requerimientos. ... Continuar leyendo","og_url":"https:\/\/lidiaribera.com\/?page_id=59","og_site_name":"Leyendo con Lidia","article_modified_time":"2014-12-19T19:28:56+00:00","og_image":[{"url":"http:\/\/lidiaribera.com\/wp-content\/uploads\/2014\/09\/19982014-pila-de-libros-abiertos-sobre-la-mesa.jpg","type":"","width":"","height":""}],"twitter_misc":{"Tiempo de lectura":"2 minutos"},"schema":{"@context":"https:\/\/schema.org","@graph":[{"@type":"WebPage","@id":"https:\/\/lidiaribera.com\/?page_id=59","url":"https:\/\/lidiaribera.com\/?page_id=59","name":"Sobre m\u00ed - Leyendo con Lidia","isPartOf":{"@id":"https:\/\/lidiaribera.com\/#website"},"primaryImageOfPage":{"@id":"https:\/\/lidiaribera.com\/?page_id=59#primaryimage"},"image":{"@id":"https:\/\/lidiaribera.com\/?page_id=59#primaryimage"},"thumbnailUrl":"http:\/\/lidiaribera.com\/wp-content\/uploads\/2014\/09\/19982014-pila-de-libros-abiertos-sobre-la-mesa.jpg","datePublished":"2014-11-09T19:47:58+00:00","dateModified":"2014-12-19T19:28:56+00:00","breadcrumb":{"@id":"https:\/\/lidiaribera.com\/?page_id=59#breadcrumb"},"inLanguage":"es","potentialAction":[{"@type":"ReadAction","target":["https:\/\/lidiaribera.com\/?page_id=59"]}]},{"@type":"ImageObject","inLanguage":"es","@id":"https:\/\/lidiaribera.com\/?page_id=59#primaryimage","url":"http:\/\/lidiaribera.com\/wp-content\/uploads\/2014\/09\/19982014-pila-de-libros-abiertos-sobre-la-mesa.jpg","contentUrl":"http:\/\/lidiaribera.com\/wp-content\/uploads\/2014\/09\/19982014-pila-de-libros-abiertos-sobre-la-mesa.jpg"},{"@type":"BreadcrumbList","@id":"https:\/\/lidiaribera.com\/?page_id=59#breadcrumb","itemListElement":[{"@type":"ListItem","position":1,"name":"Portada","item":"https:\/\/lidiaribera.com\/"},{"@type":"ListItem","position":2,"name":"Sobre m\u00ed"}]},{"@type":"WebSite","@id":"https:\/\/lidiaribera.com\/#website","url":"https:\/\/lidiaribera.com\/","name":"Leyendo con Lidia","description":"","potentialAction":[{"@type":"SearchAction","target":{"@type":"EntryPoint","urlTemplate":"https:\/\/lidiaribera.com\/?s={search_term_string}"},"query-input":{"@type":"PropertyValueSpecification","valueRequired":true,"valueName":"search_term_string"}}],"inLanguage":"es"}]}},"_links":{"self":[{"href":"https:\/\/lidiaribera.com\/index.php?rest_route=\/wp\/v2\/pages\/59","targetHints":{"allow":["GET"]}}],"collection":[{"href":"https:\/\/lidiaribera.com\/index.php?rest_route=\/wp\/v2\/pages"}],"about":[{"href":"https:\/\/lidiaribera.com\/index.php?rest_route=\/wp\/v2\/types\/page"}],"author":[{"embeddable":true,"href":"https:\/\/lidiaribera.com\/index.php?rest_route=\/wp\/v2\/users\/1"}],"replies":[{"embeddable":true,"href":"https:\/\/lidiaribera.com\/index.php?rest_route=%2Fwp%2Fv2%2Fcomments&post=59"}],"version-history":[{"count":4,"href":"https:\/\/lidiaribera.com\/index.php?rest_route=\/wp\/v2\/pages\/59\/revisions"}],"predecessor-version":[{"id":82,"href":"https:\/\/lidiaribera.com\/index.php?rest_route=\/wp\/v2\/pages\/59\/revisions\/82"}],"wp:attachment":[{"href":"https:\/\/lidiaribera.com\/index.php?rest_route=%2Fwp%2Fv2%2Fmedia&parent=59"}],"curies":[{"name":"wp","href":"https:\/\/api.w.org\/{rel}","templated":true}]}}